{"id":2,"date":"2021-05-03T20:51:01","date_gmt":"2021-05-03T23:51:01","guid":{"rendered":"http:\/\/giramundotur.com.br\/?page_id=2"},"modified":"2021-05-03T22:39:30","modified_gmt":"2021-05-04T01:39:30","slug":"pagina-exemplo","status":"publish","type":"page","link":"https:\/\/giramundotur.com.br\/","title":{"rendered":""},"content":{"rendered":"\n<div class=\"wp-container-3 wp-block-group\"><div class=\"wp-block-group__inner-container\">\n<div class=\"wp-container-1 wp-block-group\"><div class=\"wp-block-group__inner-container\">\n<p class=\"has-text-align-center has-large-font-size\"><strong>Servi\u00e7os<\/strong><\/p>\n\n\n\n<p class=\"has-text-align-center\">Cuidamos de todas etapas para que sua experi\u00eancia seja a melhor poss\u00edvel!<\/p>\n\n\n\n<figure class=\"wp-block-image size-large is-style-default aligncenter\"><a href=\"http:\/\/giramundotur.com.br\/index.php\/servicos\/\"><img src=\"http:\/\/giramundotur.com.br\/wp-content\/uploads\/2021\/05\/icone_roteiros02.png\" alt=\"\" class=\"wp-image-73\"><\/a> &nbsp;&nbsp;&nbsp;&nbsp;&nbsp;&nbsp;&nbsp;&nbsp;<a href=\"http:\/\/giramundotur.com.br\/index.php\/servicos\/\"><img src=\"http:\/\/giramundotur.com.br\/wp-content\/uploads\/2021\/05\/icone_documentos02.png\" alt=\"\" class=\"wp-image-75\"><\/a> &nbsp;&nbsp;&nbsp;&nbsp;&nbsp;&nbsp;&nbsp;&nbsp;<a href=\"http:\/\/giramundotur.com.br\/index.php\/servicos\/\"><img src=\"http:\/\/giramundotur.com.br\/wp-content\/uploads\/2021\/05\/icone_atendimento02.png\" alt=\"\" class=\"wp-image-76\"><\/a><\/figure>\n<\/div><\/div>\n\n\n\n<div class=\"wp-container-2 wp-block-group\"><div class=\"wp-block-group__inner-container\">\n<p class=\"has-text-align-center\"><b>Roteiros<\/b> &nbsp;&nbsp;&nbsp;&nbsp; &nbsp;&nbsp;&nbsp;&nbsp;&nbsp;&nbsp;<b>Documentos<\/b> &nbsp;&nbsp;&nbsp;&nbsp; &nbsp;&nbsp;&nbsp;&nbsp;&nbsp;&nbsp; <b>Atendimento<\/b><\/p>\n<\/div><\/div>\n<\/div><\/div>\n\n\n\n<hr class=\"wp-block-separator\"\/>\n\n\n\n<p class=\"has-text-align-center\"><strong>Revendedor credenciado dos maiores e mais incr\u00edveis parques tem\u00e1ticos do planeta terra!<\/strong><\/p>\n\n\n\n<div class=\"wp-container-4 wp-block-group\"><div class=\"wp-block-group__inner-container\">\n<p class=\"has-text-align-center\"><div id=\"envira-gallery-wrap-20\" class=\"envira-gallery-wrap envira-gallery-theme-base envira-lightbox-theme-base\" itemscope itemtype=\"https:\/\/schema.org\/ImageGallery\"><div style=\"opacity: 0.0\"  data-row-height=\"150\" data-gallery-theme=\"normal\" id=\"envira-gallery-20\" class=\"envira-gallery-public envira-gallery-justified-public envira-gallery-0-columns envira-clear enviratope envira-gallery-css-animations\" data-envira-columns=\"0\"><div id=\"envira-gallery-item-21\" class=\"envira-gallery-item enviratope-item envira-gallery-item-1 envira-lazy-load\" style=\"padding-left: 5px; padding-bottom: 10px; padding-right: 5px;\"  itemscope itemtype=\"https:\/\/schema.org\/ImageObject\"><div class=\"envira-gallery-item-inner\"><div class=\"envira-gallery-position-overlay  envira-gallery-top-left\"><\/div><div class=\"envira-gallery-position-overlay  envira-gallery-top-right\"><\/div><div class=\"envira-gallery-position-overlay  envira-gallery-bottom-left\"><\/div><div class=\"envira-gallery-position-overlay  envira-gallery-bottom-right\"><\/div><a href=\"http:\/\/giramundotur.com.br\/wp-content\/uploads\/2021\/05\/divulgacao_beto_carrero.jpg\" class=\"envira-gallery-20 envira-gallery-link\" rel=\"enviragallery20\" title=\"Parque Beto Carrero\" data-envira-caption=\"Parque Beto Carrero\" data-envira-retina=\"\" data-thumbnail=\"\"  itemprop=\"contentUrl\"><img id=\"envira-gallery-image-21\" class=\"envira-gallery-image envira-gallery-image-1 envira-normal envira-lazy\" data-envira-index=\"1\" src=\"https:\/\/giramundotur.com.br\/wp-content\/uploads\/2021\/05\/divulgacao_beto_carrero-640x480.jpg\" data-envira-src=\"https:\/\/giramundotur.com.br\/wp-content\/uploads\/2021\/05\/divulgacao_beto_carrero-640x480.jpg\" data-envira-gallery-id=\"20\" data-envira-item-id=\"21\" data-envira-caption=\"Parque Beto Carrero\" alt=\"\" title=\"Parque Beto Carrero\"  itemprop=\"thumbnailUrl\" data-envira-srcset=\"https:\/\/giramundotur.com.br\/wp-content\/uploads\/2021\/05\/divulgacao_beto_carrero-640x480.jpg 400w,https:\/\/giramundotur.com.br\/wp-content\/uploads\/2021\/05\/divulgacao_beto_carrero-640x480.jpg 2x\" data-envira-width=\"300\" data-envira-height=\"199\" srcset=\"data:image\/gif;base64,R0lGODlhAQABAIAAAP\/\/\/\/\/\/\/yH5BAEKAAEALAAAAAABAAEAAAICTAEAOw==\" data-safe-src=\"data:image\/gif;base64,R0lGODlhAQABAIAAAP\/\/\/\/\/\/\/yH5BAEKAAEALAAAAAABAAEAAAICTAEAOw==\" \/><\/a><\/div><\/div><div id=\"envira-gallery-item-22\" class=\"envira-gallery-item enviratope-item envira-gallery-item-2 envira-lazy-load\" style=\"padding-left: 5px; padding-bottom: 10px; padding-right: 5px;\"  itemscope itemtype=\"https:\/\/schema.org\/ImageObject\"><div class=\"envira-gallery-item-inner\"><div class=\"envira-gallery-position-overlay  envira-gallery-top-left\"><\/div><div class=\"envira-gallery-position-overlay  envira-gallery-top-right\"><\/div><div class=\"envira-gallery-position-overlay  envira-gallery-bottom-left\"><\/div><div class=\"envira-gallery-position-overlay  envira-gallery-bottom-right\"><\/div><a href=\"http:\/\/giramundotur.com.br\/wp-content\/uploads\/2021\/05\/divulgacao_disney.jpg\" class=\"envira-gallery-20 envira-gallery-link\" rel=\"enviragallery20\" title=\"Parque Disney World\" data-envira-caption=\"Parque Disney World\" data-envira-retina=\"\" data-thumbnail=\"\"  itemprop=\"contentUrl\"><img id=\"envira-gallery-image-22\" class=\"envira-gallery-image envira-gallery-image-2 envira-normal envira-lazy\" data-envira-index=\"2\" src=\"https:\/\/giramundotur.com.br\/wp-content\/uploads\/2021\/05\/divulgacao_disney-640x480.jpg\" data-envira-src=\"https:\/\/giramundotur.com.br\/wp-content\/uploads\/2021\/05\/divulgacao_disney-640x480.jpg\" data-envira-gallery-id=\"20\" data-envira-item-id=\"22\" data-envira-caption=\"Parque Disney World\" alt=\"\" title=\"Parque Disney World\"  itemprop=\"thumbnailUrl\" data-envira-srcset=\"https:\/\/giramundotur.com.br\/wp-content\/uploads\/2021\/05\/divulgacao_disney-640x480.jpg 400w,https:\/\/giramundotur.com.br\/wp-content\/uploads\/2021\/05\/divulgacao_disney-640x480.jpg 2x\" data-envira-width=\"300\" data-envira-height=\"199\" srcset=\"data:image\/gif;base64,R0lGODlhAQABAIAAAP\/\/\/\/\/\/\/yH5BAEKAAEALAAAAAABAAEAAAICTAEAOw==\" data-safe-src=\"data:image\/gif;base64,R0lGODlhAQABAIAAAP\/\/\/\/\/\/\/yH5BAEKAAEALAAAAAABAAEAAAICTAEAOw==\" \/><\/a><\/div><\/div><div id=\"envira-gallery-item-23\" class=\"envira-gallery-item enviratope-item envira-gallery-item-3 envira-lazy-load\" style=\"padding-left: 5px; padding-bottom: 10px; padding-right: 5px;\"  itemscope itemtype=\"https:\/\/schema.org\/ImageObject\"><div class=\"envira-gallery-item-inner\"><div class=\"envira-gallery-position-overlay  envira-gallery-top-left\"><\/div><div class=\"envira-gallery-position-overlay  envira-gallery-top-right\"><\/div><div class=\"envira-gallery-position-overlay  envira-gallery-bottom-left\"><\/div><div class=\"envira-gallery-position-overlay  envira-gallery-bottom-right\"><\/div><a href=\"http:\/\/giramundotur.com.br\/wp-content\/uploads\/2021\/05\/divulgacao_parque_universal.jpg\" class=\"envira-gallery-20 envira-gallery-link\" rel=\"enviragallery20\" title=\"Parque Universal\" data-envira-caption=\"Parque Universal\" data-envira-retina=\"\" data-thumbnail=\"\"  itemprop=\"contentUrl\"><img id=\"envira-gallery-image-23\" class=\"envira-gallery-image envira-gallery-image-3 envira-normal envira-lazy\" data-envira-index=\"3\" src=\"https:\/\/giramundotur.com.br\/wp-content\/uploads\/2021\/05\/divulgacao_parque_universal-640x480.jpg\" data-envira-src=\"https:\/\/giramundotur.com.br\/wp-content\/uploads\/2021\/05\/divulgacao_parque_universal-640x480.jpg\" data-envira-gallery-id=\"20\" data-envira-item-id=\"23\" data-envira-caption=\"Parque Universal\" alt=\"\" title=\"Parque Universal\"  itemprop=\"thumbnailUrl\" data-envira-srcset=\"https:\/\/giramundotur.com.br\/wp-content\/uploads\/2021\/05\/divulgacao_parque_universal-640x480.jpg 400w,https:\/\/giramundotur.com.br\/wp-content\/uploads\/2021\/05\/divulgacao_parque_universal-640x480.jpg 2x\" data-envira-width=\"300\" data-envira-height=\"200\" srcset=\"data:image\/gif;base64,R0lGODlhAQABAIAAAP\/\/\/\/\/\/\/yH5BAEKAAEALAAAAAABAAEAAAICTAEAOw==\" data-safe-src=\"data:image\/gif;base64,R0lGODlhAQABAIAAAP\/\/\/\/\/\/\/yH5BAEKAAEALAAAAAABAAEAAAICTAEAOw==\" \/><\/a><\/div><\/div><div id=\"envira-gallery-item-24\" class=\"envira-gallery-item enviratope-item envira-gallery-item-4 envira-lazy-load\" style=\"padding-left: 5px; padding-bottom: 10px; padding-right: 5px;\"  itemscope itemtype=\"https:\/\/schema.org\/ImageObject\"><div class=\"envira-gallery-item-inner\"><div class=\"envira-gallery-position-overlay  envira-gallery-top-left\"><\/div><div class=\"envira-gallery-position-overlay  envira-gallery-top-right\"><\/div><div class=\"envira-gallery-position-overlay  envira-gallery-bottom-left\"><\/div><div class=\"envira-gallery-position-overlay  envira-gallery-bottom-right\"><\/div><a href=\"http:\/\/giramundotur.com.br\/wp-content\/uploads\/2021\/05\/kennedy_space_center_nasa.jpg\" class=\"envira-gallery-20 envira-gallery-link\" rel=\"enviragallery20\" title=\"Parque Kennedy Space Center - NASA\" data-envira-caption=\"Parque Kennedy Space Center - NASA\" data-envira-retina=\"\" data-thumbnail=\"\"  itemprop=\"contentUrl\"><img id=\"envira-gallery-image-24\" class=\"envira-gallery-image envira-gallery-image-4 envira-normal envira-lazy\" data-envira-index=\"4\" src=\"https:\/\/giramundotur.com.br\/wp-content\/uploads\/2021\/05\/kennedy_space_center_nasa-640x480.jpg\" data-envira-src=\"https:\/\/giramundotur.com.br\/wp-content\/uploads\/2021\/05\/kennedy_space_center_nasa-640x480.jpg\" data-envira-gallery-id=\"20\" data-envira-item-id=\"24\" data-envira-caption=\"Parque Kennedy Space Center - NASA\" alt=\"\" title=\"Parque Kennedy Space Center - NASA\"  itemprop=\"thumbnailUrl\" data-envira-srcset=\"https:\/\/giramundotur.com.br\/wp-content\/uploads\/2021\/05\/kennedy_space_center_nasa-640x480.jpg 400w,https:\/\/giramundotur.com.br\/wp-content\/uploads\/2021\/05\/kennedy_space_center_nasa-640x480.jpg 2x\" data-envira-width=\"300\" data-envira-height=\"199\" srcset=\"data:image\/gif;base64,R0lGODlhAQABAIAAAP\/\/\/\/\/\/\/yH5BAEKAAEALAAAAAABAAEAAAICTAEAOw==\" data-safe-src=\"data:image\/gif;base64,R0lGODlhAQABAIAAAP\/\/\/\/\/\/\/yH5BAEKAAEALAAAAAABAAEAAAICTAEAOw==\" \/><\/a><\/div><\/div><\/div><\/div><noscript><img src=\"https:\/\/giramundotur.com.br\/wp-content\/uploads\/2021\/05\/divulgacao_beto_carrero.jpg\" alt=\"\" \/><img src=\"https:\/\/giramundotur.com.br\/wp-content\/uploads\/2021\/05\/divulgacao_disney.jpg\" alt=\"\" \/><img src=\"https:\/\/giramundotur.com.br\/wp-content\/uploads\/2021\/05\/divulgacao_parque_universal.jpg\" alt=\"\" \/><img src=\"https:\/\/giramundotur.com.br\/wp-content\/uploads\/2021\/05\/kennedy_space_center_nasa.jpg\" alt=\"\" \/><\/noscript><\/p>\n<\/div><\/div>\n\n\n\n<hr class=\"wp-block-separator\"\/>\n\n\n\n<p>Fundada em 1 de dezembro de 2019, por Debora Casagrande Breithaupt a Giramundo Viagens e Turismo nasceu com o objetivo de ser uma ag\u00eancia de turismo com profissionalismo frente aos clientes e fornecedores, respeitando suas particularidades. Desde ent\u00e3o acreditamos e seguimos esse objetivo com muita determina\u00e7\u00e3o e perseveran\u00e7a, que se reflete na continuidade de nossas atividades e reconhecimento de nossos Fornecedores e Clientes.<\/p>\n\n\n\n<p>Oferecemos um atendimento completo para suas viagens,  com atendimento de alto n\u00edvel. Possu\u00edmos uma equipe capacitada, flexibilidade administrativa e comercial, e agilidade nas decis\u00f5es.<\/p>\n\n\n\n<p>Mais do que uma ag\u00eancia de viagens, a Giramundo Viagens e Turismo firma a cada dia o seu diferencial ao prestar servi\u00e7os de consultoria e assessoria completa em mobilidade corporativa e viagens de lazer.<\/p>\n","protected":false},"excerpt":{"rendered":"<p>Servi\u00e7os Cuidamos de todas etapas para que sua experi\u00eancia seja a melhor poss\u00edvel! &nbsp;&nbsp;&nbsp;&nbsp;&nbsp;&nbsp;&nbsp;&nbsp; &nbsp;&nbsp;&nbsp;&nbsp;&nbsp;&nbsp;&nbsp;&nbsp; Roteiros &nbsp;&nbsp;&nbsp;&nbsp; &nbsp;&nbsp;&nbsp;&nbsp;&nbsp;&nbsp;Documentos &nbsp;&nbsp;&nbsp;&nbsp; &nbsp;&nbsp;&nbsp;&nbsp;&nbsp;&nbsp; Atendimento Revendedor credenciado dos maiores e mais incr\u00edveis parques tem\u00e1ticos do planeta terra! Fundada em 1 de dezembro de 2019, [&hellip;]<\/p>\n","protected":false},"author":1,"featured_media":0,"parent":0,"menu_order":0,"comment_status":"closed","ping_status":"open","template":"page-templates\/page_fullwidth.php","meta":{"om_disable_all_campaigns":false,"_monsterinsights_skip_tracking":false,"_monsterinsights_sitenote_active":false,"_monsterinsights_sitenote_note":"","_monsterinsights_sitenote_category":0},"_links":{"self":[{"href":"https:\/\/giramundotur.com.br\/index.php\/wp-json\/wp\/v2\/pages\/2"}],"collection":[{"href":"https:\/\/giramundotur.com.br\/index.php\/wp-json\/wp\/v2\/pages"}],"about":[{"href":"https:\/\/giramundotur.com.br\/index.php\/wp-json\/wp\/v2\/types\/page"}],"author":[{"embeddable":true,"href":"https:\/\/giramundotur.com.br\/index.php\/wp-json\/wp\/v2\/users\/1"}],"replies":[{"embeddable":true,"href":"https:\/\/giramundotur.com.br\/index.php\/wp-json\/wp\/v2\/comments?post=2"}],"version-history":[{"count":4,"href":"https:\/\/giramundotur.com.br\/index.php\/wp-json\/wp\/v2\/pages\/2\/revisions"}],"predecessor-version":[{"id":47,"href":"https:\/\/giramundotur.com.br\/index.php\/wp-json\/wp\/v2\/pages\/2\/revisions\/47"}],"wp:attachment":[{"href":"https:\/\/giramundotur.com.br\/index.php\/wp-json\/wp\/v2\/media?parent=2"}],"curies":[{"name":"wp","href":"https:\/\/api.w.org\/{rel}","templated":true}]}}