{"id":16,"date":"2021-05-03T21:29:32","date_gmt":"2021-05-04T00:29:32","guid":{"rendered":"http:\/\/giramundotur.com.br\/?page_id=16"},"modified":"2021-05-03T22:40:10","modified_gmt":"2021-05-04T01:40:10","slug":"servicos","status":"publish","type":"page","link":"https:\/\/giramundotur.com.br\/index.php\/servicos\/","title":{"rendered":"Servi\u00e7os Oferecidos"},"content":{"rendered":"\n<p id=\"block-caf67c48-e790-4102-98bf-5f314ce0af60\"><strong>PASSAGENS A\u00c9REAS<\/strong><br>Reserva e emiss\u00e3o de passagens a\u00e9reas nacionais e internacionais;<\/p>\n\n\n\n<p id=\"block-c55fa825-0c71-4627-b723-19cc7bc00573\"><strong>CRUZEIROS<\/strong><br>Reserva e emiss\u00e3o de bilhetes de cruzeiros;<\/p>\n\n\n\n<p id=\"block-dc1eeb47-a7ec-4701-95ae-1242b1aeac31\"><strong>PACOTES TUR\u00cdSTICOS<\/strong><br>Para os mais variados destinos e perfis, nacionais e internacionais;<\/p>\n\n\n\n<p id=\"block-31fd59b6-d36e-4afd-bfbb-1880b28d02cf\"><strong>HOT\u00c9IS<\/strong><br>Reserva de hot\u00e9is em todas as categorias, no Brasil e no exterior;<\/p>\n\n\n\n<p id=\"block-609aec3b-2159-4505-8837-82a4235ceec8\"><strong>LOCA\u00c7\u00c3O DE VE\u00cdCULOS<\/strong><br>Reserva de ve\u00edculos, no Brasil e no exterior;<\/p>\n\n\n\n<p id=\"block-6d1423d7-c189-4d69-b408-b79c3909260d\"><strong>DOCUMENTA\u00c7\u00c3O<\/strong><br>Assist\u00eancia e orienta\u00e7\u00e3o para obten\u00e7\u00e3o e renova\u00e7\u00e3o de vistos e demais documentos necess\u00e1rios para realiza\u00e7\u00e3o da viagem;<\/p>\n\n\n\n<p id=\"block-6d427f77-7574-40ef-8e62-abb1db0ac68a\"><strong>SEGURO-VIAGEM<\/strong><br>Emiss\u00e3o de ap\u00f3lices de seguro viagem para maior tranquilidade do cliente;<\/p>\n\n\n\n<p id=\"block-a6674531-c8ce-44a6-9777-23e061aa0915\"><strong>RECEPTIVOS E TRANSLADOS<\/strong><br>Para comodidade de nossos clientes trabalhamos com diversos tipos de traslados.<\/p>\n","protected":false},"excerpt":{"rendered":"<p>PASSAGENS A\u00c9REASReserva e emiss\u00e3o de passagens a\u00e9reas nacionais e internacionais; CRUZEIROSReserva e emiss\u00e3o de bilhetes de cruzeiros; PACOTES TUR\u00cdSTICOSPara os mais variados destinos e perfis, nacionais e internacionais; HOT\u00c9ISReserva de hot\u00e9is em todas as categorias, no Brasil e no exterior; [&hellip;]<\/p>\n","protected":false},"author":1,"featured_media":0,"parent":0,"menu_order":0,"comment_status":"closed","ping_status":"closed","template":"page-templates\/page_fullwidth.php","meta":{"om_disable_all_campaigns":false,"_monsterinsights_skip_tracking":false,"_monsterinsights_sitenote_active":false,"_monsterinsights_sitenote_note":"","_monsterinsights_sitenote_category":0},"_links":{"self":[{"href":"https:\/\/giramundotur.com.br\/index.php\/wp-json\/wp\/v2\/pages\/16"}],"collection":[{"href":"https:\/\/giramundotur.com.br\/index.php\/wp-json\/wp\/v2\/pages"}],"about":[{"href":"https:\/\/giramundotur.com.br\/index.php\/wp-json\/wp\/v2\/types\/page"}],"author":[{"embeddable":true,"href":"https:\/\/giramundotur.com.br\/index.php\/wp-json\/wp\/v2\/users\/1"}],"replies":[{"embeddable":true,"href":"https:\/\/giramundotur.com.br\/index.php\/wp-json\/wp\/v2\/comments?post=16"}],"version-history":[{"count":3,"href":"https:\/\/giramundotur.com.br\/index.php\/wp-json\/wp\/v2\/pages\/16\/revisions"}],"predecessor-version":[{"id":55,"href":"https:\/\/giramundotur.com.br\/index.php\/wp-json\/wp\/v2\/pages\/16\/revisions\/55"}],"wp:attachment":[{"href":"https:\/\/giramundotur.com.br\/index.php\/wp-json\/wp\/v2\/media?parent=16"}],"curies":[{"name":"wp","href":"https:\/\/api.w.org\/{rel}","templated":true}]}}